{"id":12873,"date":"2026-03-20T18:45:30","date_gmt":"2026-03-20T23:45:30","guid":{"rendered":"https:\/\/cliniquemec.com\/?page_id=12873"},"modified":"2026-03-20T19:34:17","modified_gmt":"2026-03-21T00:34:17","slug":"repousse-des-cheveux-laval","status":"publish","type":"page","link":"https:\/\/cliniquemec.com\/fr\/repousse-des-cheveux-laval\/","title":{"rendered":"Repousse des cheveux Laval | Restauration capillaire | Clinique MEC"},"content":{"rendered":"\t\t<div data-elementor-type=\"wp-page\" data-elementor-id=\"12873\" class=\"elementor elementor-12873 elementor-12868\" data-elementor-post-type=\"page\">\n\t\t\t\t\t\t<section class=\"elementor-section elementor-top-section elementor-element elementor-element-340a0b0c elementor-section-boxed elementor-section-height-default elementor-section-height-default\" data-id=\"340a0b0c\" data-element_type=\"section\" data-e-type=\"section\">\n\t\t\t\t\t\t<div class=\"elementor-container elementor-column-gap-default\">\n\t\t\t\t\t<div class=\"elementor-column elementor-col-100 elementor-top-column elementor-element elementor-element-706c7935\" data-id=\"706c7935\" data-element_type=\"column\" data-e-type=\"column\">\n\t\t\t<div class=\"elementor-widget-wrap elementor-element-populated\">\n\t\t\t\t\t\t<div class=\"elementor-element elementor-element-16794fc0 elementor-widget elementor-widget-breadcrumbs\" data-id=\"16794fc0\" data-element_type=\"widget\" data-e-type=\"widget\" data-widget_type=\"breadcrumbs.default\">\n\t\t\t\t<div class=\"elementor-widget-container\">\n\t\t\t\t\t<nav aria-label=\"breadcrumbs\" class=\"rank-math-breadcrumb\"><p><span class=\"last\">Accueil<\/span><\/p><\/nav>\t\t\t\t<\/div>\n\t\t\t\t<\/div>\n\t\t\t\t\t<\/div>\n\t\t<\/div>\n\t\t\t\t\t<\/div>\n\t\t<\/section>\n\t\t\t\t<section class=\"elementor-section elementor-top-section elementor-element elementor-element-65268035 elementor-section-boxed elementor-section-height-default elementor-section-height-default\" data-id=\"65268035\" data-element_type=\"section\" data-e-type=\"section\">\n\t\t\t\t\t\t<div class=\"elementor-container elementor-column-gap-default\">\n\t\t\t\t\t<div class=\"elementor-column elementor-col-66 elementor-top-column elementor-element elementor-element-84454f5\" data-id=\"84454f5\" data-element_type=\"column\" data-e-type=\"column\">\n\t\t\t<div class=\"elementor-widget-wrap elementor-element-populated\">\n\t\t\t\t\t\t<div class=\"elementor-element elementor-element-41d3a47a elementor-widget elementor-widget-heading\" data-id=\"41d3a47a\" data-element_type=\"widget\" data-e-type=\"widget\" data-widget_type=\"heading.default\">\n\t\t\t\t\t<h2 class=\"elementor-heading-title elementor-size-default\">Repousse des cheveux Laval | Restauration capillaire<\/h2>\t\t\t\t<\/div>\n\t\t\t\t<div class=\"elementor-element elementor-element-50cfcc6c elementor-widget elementor-widget-heading\" data-id=\"50cfcc6c\" data-element_type=\"widget\" data-e-type=\"widget\" data-widget_type=\"heading.default\">\n\t\t\t\t\t<h2 class=\"elementor-heading-title elementor-size-default\">Restauration capillaire m\u00e9dicale et sant\u00e9 du cuir chevelu<\/h2>\t\t\t\t<\/div>\n\t\t\t\t<div class=\"elementor-element elementor-element-7b006e6f elementor-widget elementor-widget-text-editor\" data-id=\"7b006e6f\" data-element_type=\"widget\" data-e-type=\"widget\" data-widget_type=\"text-editor.default\">\n\t\t\t\t\t\t\t\t\t<p data-path-to-node=\"18,1,0\"><a href=\"https:\/\/cliniquemec.com\/wp-content\/uploads\/2026\/03\/Repousse-des-cheveux-Laval-Clinique-MEC.webp\"><img data-rjs=\"2\" fetchpriority=\"high\" decoding=\"async\" class=\"alignleft wp-image-13030 size-medium\" src=\"https:\/\/cliniquemec.com\/wp-content\/uploads\/2026\/03\/Repousse-des-cheveux-Laval-Clinique-MEC-300x300.webp\" alt=\"Repousse des cheveux Laval - Clinique MEC\" width=\"300\" height=\"300\" srcset=\"https:\/\/cliniquemec.com\/wp-content\/uploads\/2026\/03\/Repousse-des-cheveux-Laval-Clinique-MEC-300x300.webp 300w, https:\/\/cliniquemec.com\/wp-content\/uploads\/2026\/03\/Repousse-des-cheveux-Laval-Clinique-MEC-1024x1024.webp 1024w, https:\/\/cliniquemec.com\/wp-content\/uploads\/2026\/03\/Repousse-des-cheveux-Laval-Clinique-MEC-150x150.webp 150w, https:\/\/cliniquemec.com\/wp-content\/uploads\/2026\/03\/Repousse-des-cheveux-Laval-Clinique-MEC-768x768.webp 768w, https:\/\/cliniquemec.com\/wp-content\/uploads\/2026\/03\/Repousse-des-cheveux-Laval-Clinique-MEC-90x90.webp 90w, https:\/\/cliniquemec.com\/wp-content\/uploads\/2026\/03\/Repousse-des-cheveux-Laval-Clinique-MEC-80x80.webp 80w, https:\/\/cliniquemec.com\/wp-content\/uploads\/2026\/03\/Repousse-des-cheveux-Laval-Clinique-MEC-394x394.webp 394w, https:\/\/cliniquemec.com\/wp-content\/uploads\/2026\/03\/Repousse-des-cheveux-Laval-Clinique-MEC-303x303.webp 303w, https:\/\/cliniquemec.com\/wp-content\/uploads\/2026\/03\/Repousse-des-cheveux-Laval-Clinique-MEC-605x605.webp 605w, https:\/\/cliniquemec.com\/wp-content\/uploads\/2026\/03\/Repousse-des-cheveux-Laval-Clinique-MEC-700x700.webp 700w, https:\/\/cliniquemec.com\/wp-content\/uploads\/2026\/03\/Repousse-des-cheveux-Laval-Clinique-MEC-950x950.webp 950w, https:\/\/cliniquemec.com\/wp-content\/uploads\/2026\/03\/Repousse-des-cheveux-Laval-Clinique-MEC-600x600.webp 600w, https:\/\/cliniquemec.com\/wp-content\/uploads\/2026\/03\/Repousse-des-cheveux-Laval-Clinique-MEC-100x100.webp 100w, https:\/\/cliniquemec.com\/wp-content\/uploads\/2026\/03\/Repousse-des-cheveux-Laval-Clinique-MEC.webp 1080w\" sizes=\"(max-width: 300px) 100vw, 300px\" \/><\/a><span style=\"color: #000000;\"><b data-path-to-node=\"18,1,0\" data-index-in-node=\"0\">Le Probl\u00e8me :<\/b><\/span> Amincissement des cheveux, recul de la ligne capillaire et mauvaise sant\u00e9 du cuir chevelu caus\u00e9s par la g\u00e9n\u00e9tique, le stress ou les changements hormonaux (alop\u00e9cie).<\/p><p data-path-to-node=\"18,2,0\"><span style=\"color: #000000;\"><b data-path-to-node=\"18,2,0\" data-index-in-node=\"0\">La Technologie :<\/b> <\/span><b data-path-to-node=\"18,2,0\" data-index-in-node=\"17\">Th\u00e9rapie par exosomes<\/b> et <b data-path-to-node=\"18,2,0\" data-index-in-node=\"42\">microneedling m\u00e9dical<\/b> du cuir chevelu pour r\u00e9veiller les follicules dormants et prolonger la phase de croissance (anag\u00e8ne).<\/p><p data-path-to-node=\"18,3,0\"><span style=\"color: #000000;\"><b data-path-to-node=\"18,3,0\" data-index-in-node=\"0\">Conditions trait\u00e9es :<\/b><\/span> Alop\u00e9cie androg\u00e9n\u00e9tique, amincissement des cheveux (effluve t\u00e9log\u00e8ne), inflammation du cuir chevelu et entretien post-greffe.<\/p>\t\t\t\t\t\t\t\t<\/div>\n\t\t\t\t<div class=\"elementor-element elementor-element-218df6c6 elementor-widget elementor-widget-text-editor\" data-id=\"218df6c6\" data-element_type=\"widget\" data-e-type=\"widget\" data-widget_type=\"text-editor.default\">\n\t\t\t\t\t\t\t\t\t<h2 style=\"text-align: center;\" data-section-id=\"6n02ap\" data-start=\"20597\" data-end=\"20633\"><strong><span style=\"color: #000000;\">R\u00e9servez votre consultation pour la repousse des cheveux \u00e0 Laval<\/span><\/strong><\/h2>\n<p style=\"text-align: center;\" data-start=\"20635\" data-end=\"20746\"><span style=\"color: #000000;\"><strong data-start=\"20635\" data-end=\"20677\">Clinique M\u00e9dico Esth\u00e9tique Complexions<\/strong><\/span><br data-start=\"20677\" data-end=\"20680\" \/>1600 Boulevard du Cur\u00e9-Labelle Bureau 205<br data-start=\"20720\" data-end=\"20723\" \/>Laval, Qu\u00e9bec H7V 2W2<\/p>\n<p style=\"text-align: center;\" data-start=\"20748\" data-end=\"20778\">T\u00e9l\u00e9phone: <a style=\"color: #ec65a5;\" href=\"http:\/\/+1-514-651-2632\" rel=\"nofollow\">(514) 651-2632<\/a><code data-start=\"20800\" data-end=\"20850\"><\/code><\/p>\t\t\t\t\t\t\t\t<\/div>\n\t\t\t\t<div class=\"elementor-element elementor-element-770a028e elementor-align-center elementor-widget elementor-widget-button\" data-id=\"770a028e\" data-element_type=\"widget\" data-e-type=\"widget\" data-widget_type=\"button.default\">\n\t\t\t\t\t\t\t\t\t\t<a class=\"elementor-button elementor-button-link elementor-size-sm\" href=\"https:\/\/cliniquemec.com\/fr\/#book1\">\n\t\t\t\t\t\t<span class=\"elementor-button-content-wrapper\">\n\t\t\t\t\t\t\t\t\t<span class=\"elementor-button-text\">Lien de r\u00e9servation<\/span>\n\t\t\t\t\t<\/span>\n\t\t\t\t\t<\/a>\n\t\t\t\t\t\t\t\t<\/div>\n\t\t\t\t<div class=\"elementor-element elementor-element-5cf99acf elementor-widget elementor-widget-text-editor\" data-id=\"5cf99acf\" data-element_type=\"widget\" data-e-type=\"widget\" data-widget_type=\"text-editor.default\">\n\t\t\t\t\t\t\t\t\t<p style=\"text-align: center;\"><em>La prise de rendez-vous est obligatoire. Une consultation permet de d\u00e9terminer la zone \u00e0 traiter, vos objectifs, l&rsquo;ad\u00e9quation du traitement et le nombre de s\u00e9ances n\u00e9cessaires.<\/em><\/p>\t\t\t\t\t\t\t\t<\/div>\n\t\t\t\t<div class=\"elementor-element elementor-element-69ad4446 elementor-widget elementor-widget-text-editor\" data-id=\"69ad4446\" data-element_type=\"widget\" data-e-type=\"widget\" data-widget_type=\"text-editor.default\">\n\t\t\t\t\t\t\t\t\t<hr data-path-to-node=\"23\" \/><h2 data-path-to-node=\"24\"><span style=\"color: #000000;\"><b data-path-to-node=\"24\" data-index-in-node=\"0\">Restauration capillaire et du cuir chevelu Laval\u00a0<\/b><\/span><\/h2><p data-path-to-node=\"26\">Le programme de Repousse des cheveux Laval &amp; <b data-path-to-node=\"26\" data-index-in-node=\"16\">Restauration capillaire <\/b>\u00e0 la Clinique M\u00e9dico Esth\u00e9tique Complexions (Clinique MEC) est la solution de pointe pour contrer la perte de cheveux. <b data-path-to-node=\"26\" data-index-in-node=\"165\">Vanessa I.<\/b> met en \u0153uvre des traitements r\u00e9g\u00e9n\u00e9rateurs qui ciblent la racine m\u00eame du cheveu.<\/p><h2 data-path-to-node=\"27\"><span style=\"color: #000000;\"><b data-path-to-node=\"27\" data-index-in-node=\"0\">Pourquoi choisir la restauration m\u00e9dicale \u00e0 la Clinique MEC ?<\/b><\/span><\/h2><p data-path-to-node=\"28\"><a href=\"https:\/\/cliniquemec.com\/wp-content\/uploads\/2024\/02\/BEFORE-AFTER-microneedling-hair-restoration-female-laval-clinique-complexions.jpg\"><img data-rjs=\"2\" decoding=\"async\" class=\"alignleft wp-image-11035 size-medium\" src=\"https:\/\/cliniquemec.com\/wp-content\/uploads\/2024\/02\/BEFORE-AFTER-microneedling-hair-restoration-female-laval-clinique-complexions-300x300.jpg\" alt=\"BEFORE-AFTER-microneedling-hair-restoration-female-laval-clinique-complexions\" width=\"300\" height=\"300\" \/><\/a>Le succ\u00e8s de notre <b data-path-to-node=\"28\" data-index-in-node=\"19\">Restauration capillaire Laval<\/b> repose sur l&rsquo;utilisation d&rsquo;exosomes et de facteurs de croissance. Contrairement aux produits capillaires standards, nos soins cliniques p\u00e9n\u00e8trent la barri\u00e8re dermique du cuir chevelu pour nourrir les follicules affaiblis. <b data-path-to-node=\"28\" data-index-in-node=\"271\">Vanessa I.<\/b> ajuste chaque s\u00e9ance selon l&rsquo;avancement de la calvitie, un processus valid\u00e9 cliniquement par le <b data-path-to-node=\"28\" data-index-in-node=\"378\">Dr Nyan Narine<\/b>.<\/p><p data-path-to-node=\"29\">Pour les patients dont la chute de cheveux est li\u00e9e \u00e0 un vieillissement syst\u00e9mique, nous recommandons une synergie avec nos protocoles <b data-path-to-node=\"29\" data-index-in-node=\"135\"><a href=\"https:\/\/cliniquemec.com\/fr\/anti-age-a-laval\/\">Anti-\u00e2ge et long\u00e9vit\u00e9<\/a> <\/b>pour optimiser la sant\u00e9 cellulaire globale.\u00a0<\/p><h3 data-path-to-node=\"30\"><span style=\"color: #000000;\"><b data-path-to-node=\"30\" data-index-in-node=\"0\">Synergie avec le corps et la peau<\/b><\/span><\/h3><p data-path-to-node=\"31\">Une apparence revitalis\u00e9e ne s&rsquo;arr\u00eate pas au cuir chevelu. Si vous cherchez \u00e0 harmoniser votre silhouette tout en traitant vos cheveux, d\u00e9couvrez nos technologies de <b data-path-to-node=\"31\" data-index-in-node=\"166\"><a href=\"https:\/\/cliniquemec.com\/fr\/microneedling-cicatrices-laval\/\">Remodelage et amincissement<\/a>.<\/b><\/p><p data-path-to-node=\"32\">De m\u00eame, si votre cuir chevelu pr\u00e9sente des irr\u00e9gularit\u00e9s vasculaires ou une inflammation, nos soins <b data-path-to-node=\"32\" data-index-in-node=\"101\"><a href=\"https:\/\/cliniquemec.com\/fr\/traitement-rosacee-laval\/\">Vasculaire et circulatoire<\/a> <\/b>peuvent aider \u00e0 stabiliser la zone avant le traitement de repousse.\u00a0<\/p><h3 data-path-to-node=\"3\"><span style=\"color: #000000;\"><b data-path-to-node=\"3\" data-index-in-node=\"0\">Q : Comment fonctionne un protocole m\u00e9dical de repousse capillaire \u00e0 la Clinique MEC ?<\/b> <\/span><\/h3><p data-path-to-node=\"3\"><span style=\"color: #000000;\"><b data-path-to-node=\"3\" data-index-in-node=\"88\">R :<\/b><\/span> \u00c0 la <b data-path-to-node=\"3\" data-index-in-node=\"97\">Clinique MEC<\/b>, notre protocole m\u00e9dical de repousse capillaire se concentre sur l&rsquo;inversion de la miniaturisation des follicules. Sous la direction du <b data-path-to-node=\"3\" data-index-in-node=\"246\">Dr Nyan Narine<\/b>, nous combinons la bio-stimulation et des facteurs de croissance \u00e0 haute concentration pour r\u00e9activer les bulbes dormants. Contrairement aux traitements topiques en vente libre, notre approche clinique \u00e0 Laval traite le cuir chevelu comme un \u00e9cosyst\u00e8me vivant, garantissant que l&rsquo;apport sanguin et l&rsquo;apport en nutriments sont optimis\u00e9s pour une croissance des cheveux plus \u00e9paisse et plus r\u00e9siliente.<\/p><h3 data-path-to-node=\"4\"><span style=\"color: #000000;\"><b data-path-to-node=\"4\" data-index-in-node=\"0\">Q<\/b><b data-path-to-node=\"4\" data-index-in-node=\"0\">\u00a0: Quel est l&rsquo;avantage de la restauration du cuir chevelu pour les cheveux clairsem\u00e9s ?<\/b><\/span><\/h3><p data-path-to-node=\"4\"><span style=\"color: #000000;\"><b data-path-to-node=\"4\" data-index-in-node=\"90\">R :<\/b> <\/span>La restauration du cuir chevelu est le fondement de tout service de repousse capillaire r\u00e9ussi. Des cheveux sains ne peuvent pas pousser dans un environnement encombr\u00e9 ou enflamm\u00e9.<\/p><p data-path-to-node=\"4\">Nos protocoles de restauration utilisent l&rsquo;exfoliation de grade m\u00e9dical et le micro-aiguillage (micro-channeling) pour \u00e9liminer l&rsquo;accumulation de DHT et l&rsquo;inflammation. <b data-path-to-node=\"4\" data-index-in-node=\"444\">Vanessa I.<\/b> et notre \u00e9quipe clinique veillent \u00e0 ce que le cuir chevelu soit m\u00e9dicalement pr\u00e9par\u00e9 \u00e0 absorber les s\u00e9rums r\u00e9parateurs, ce qui en fait une \u00e9tape essentielle pour ceux qui subissent un amincissement d\u00fb \u00e0 l&rsquo;\u00e2ge, au stress ou aux changements hormonaux.<\/p><h3 data-path-to-node=\"5\"><span style=\"color: #000000;\"><b data-path-to-node=\"5\" data-index-in-node=\"0\">Q : Le traitement de repousse capillaire est-il s\u00e9curitaire pour tous les types de cheveux et de cuirs chevelus ?<\/b> <\/span><\/h3><p data-path-to-node=\"5\"><span style=\"color: #000000;\"><b data-path-to-node=\"5\" data-index-in-node=\"115\">R :<\/b><\/span> Oui. \u00c0 la <b data-path-to-node=\"5\" data-index-in-node=\"129\">Clinique MEC<\/b>, nos services de Repousse des cheveux Laval &amp; repousse capillaire et de restauration du cuir chevelu sont personnalis\u00e9s pour toutes les ethnies et toutes les textures de cheveux. Parce que nous utilisons des facteurs de croissance biocompatibles et une stimulation non chirurgicale, il n&rsquo;y a aucun risque de cicatrisation ou de dommage chimique.<\/p><p data-path-to-node=\"5\">Que vous fassiez face \u00e0 l&rsquo;alop\u00e9cie de traction, \u00e0 la calvitie masculine ou \u00e0 l&rsquo;amincissement post-partum, nos protocoles m\u00e9dicaux sont calibr\u00e9s selon votre type de peau Fitzpatrick et la sensibilit\u00e9 de votre cuir chevelu.<\/p><h2 data-section-id=\"6n02ap\" data-start=\"20597\" data-end=\"20633\"><a href=\"https:\/\/cliniquemec.com\/wp-content\/uploads\/2024\/02\/BEFORE-AFTER-microneedling-hair-restoration-laval-clinique-complexions.jpg\"><img data-rjs=\"2\" decoding=\"async\" class=\"aligncenter wp-image-11037 size-medium\" src=\"https:\/\/cliniquemec.com\/wp-content\/uploads\/2024\/02\/BEFORE-AFTER-microneedling-hair-restoration-laval-clinique-complexions-300x300.jpg\" alt=\"BEFORE-AFTER-microneedling-hair-restoration-laval-clinique-complexions\" width=\"300\" height=\"300\" \/><\/a><\/h2><p>Retrouvez enfin la confiance d&rsquo;une chevelure dense et saine : ne laissez plus l&rsquo;amincissement dicter votre vie et red\u00e9couvrez l&rsquo;excellence de notre <b data-path-to-node=\"0\" data-index-in-node=\"148\">Repousse des cheveux \u00e0 Laval<\/b><\/p><h2 style=\"text-align: center;\" data-section-id=\"6n02ap\" data-start=\"20597\" data-end=\"20633\"><strong><span style=\"color: #000000;\">R\u00e9servez votre consultation pour la repousse des cheveux \u00e0 Laval<\/span><\/strong><\/h2><p style=\"text-align: center;\" data-start=\"20635\" data-end=\"20746\"><span style=\"color: #000000;\"><strong data-start=\"20635\" data-end=\"20677\">Clinique M\u00e9dico Esth\u00e9tique Complexions<\/strong><\/span><br data-start=\"20677\" data-end=\"20680\" \/>1600 Boulevard du Cur\u00e9-Labelle Bureau 205<br data-start=\"20720\" data-end=\"20723\" \/>Laval, Qu\u00e9bec H7V 2W2<\/p><p style=\"text-align: center;\" data-start=\"20748\" data-end=\"20778\">T\u00e9l\u00e9phone: <a style=\"color: #ec65a5;\" href=\"http:\/\/+1-514-651-2632\" rel=\"nofollow\">(514) 651-2632<\/a><\/p><p style=\"text-align: center;\">Suivez-nous: <span style=\"text-decoration: underline;\"><a href=\"https:\/\/www.instagram.com\/clinique_complexions\/\" rel=\"nofollow noopener\" target=\"_blank\">@clinique_complexions<\/a><\/span><\/p>\t\t\t\t\t\t\t\t<\/div>\n\t\t\t\t<div class=\"elementor-element elementor-element-7d7d955 elementor-align-center elementor-widget elementor-widget-button\" data-id=\"7d7d955\" data-element_type=\"widget\" data-e-type=\"widget\" data-widget_type=\"button.default\">\n\t\t\t\t\t\t\t\t\t\t<a class=\"elementor-button elementor-button-link elementor-size-sm\" href=\"https:\/\/cliniquemec.com\/fr\/#book1\">\n\t\t\t\t\t\t<span class=\"elementor-button-content-wrapper\">\n\t\t\t\t\t\t\t\t\t<span class=\"elementor-button-text\">Lien de r\u00e9servation<\/span>\n\t\t\t\t\t<\/span>\n\t\t\t\t\t<\/a>\n\t\t\t\t\t\t\t\t<\/div>\n\t\t\t\t<div class=\"elementor-element elementor-element-3c8fc13 elementor-widget elementor-widget-text-editor\" data-id=\"3c8fc13\" data-element_type=\"widget\" data-e-type=\"widget\" data-widget_type=\"text-editor.default\">\n\t\t\t\t\t\t\t\t\t<p style=\"text-align: center;\"><em>La prise de rendez-vous est obligatoire. Une consultation permet de d\u00e9terminer la zone \u00e0 traiter, vos objectifs, l&rsquo;ad\u00e9quation du traitement et le nombre de s\u00e9ances n\u00e9cessaires.<\/em><\/p>\t\t\t\t\t\t\t\t<\/div>\n\t\t\t\t<section class=\"elementor-section elementor-inner-section elementor-element elementor-element-236fd11a elementor-section-boxed elementor-section-height-default elementor-section-height-default\" data-id=\"236fd11a\" data-element_type=\"section\" data-e-type=\"section\" data-settings=\"{&quot;background_background&quot;:&quot;classic&quot;}\">\n\t\t\t\t\t\t<div class=\"elementor-container elementor-column-gap-default\">\n\t\t\t\t\t<div class=\"elementor-column elementor-col-50 elementor-inner-column elementor-element elementor-element-6433f206\" data-id=\"6433f206\" data-element_type=\"column\" data-e-type=\"column\">\n\t\t\t<div class=\"elementor-widget-wrap elementor-element-populated\">\n\t\t\t\t\t\t<div class=\"elementor-element elementor-element-5262009c elementor-widget elementor-widget-text-editor\" data-id=\"5262009c\" data-element_type=\"widget\" data-e-type=\"widget\" data-widget_type=\"text-editor.default\">\n\t\t\t\t\t\t\t\t\t<p><span style=\"text-decoration: underline;\"><a href=\"https:\/\/cliniquemec.com\/#getintouch\"><span style=\"color: #3366ff; text-decoration: underline;\">Contactez-nous<\/span><\/a><\/span> pour recevoir une consultation gratuite ou appelez-nous au <span style=\"color: #ff00ff;\"><a style=\"color: #ec65a5;\" href=\"http:\/\/+1-514-651-2632\" rel=\"nofollow\"><strong>(514) 651-CMEC (2632)<\/strong><\/a><\/span><\/p>\t\t\t\t\t\t\t\t<\/div>\n\t\t\t\t\t<\/div>\n\t\t<\/div>\n\t\t\t\t<div class=\"elementor-column elementor-col-50 elementor-inner-column elementor-element elementor-element-3c8ed16\" data-id=\"3c8ed16\" data-element_type=\"column\" data-e-type=\"column\">\n\t\t\t<div class=\"elementor-widget-wrap elementor-element-populated\">\n\t\t\t\t\t\t<div class=\"elementor-element elementor-element-74eef401 elementor-align-center elementor-widget elementor-widget-button\" data-id=\"74eef401\" data-element_type=\"widget\" data-e-type=\"widget\" data-widget_type=\"button.default\">\n\t\t\t\t\t\t\t\t\t\t<a class=\"elementor-button elementor-button-link elementor-size-sm\" href=\"https:\/\/cliniquemec.com\/fr\/#book1\">\n\t\t\t\t\t\t<span class=\"elementor-button-content-wrapper\">\n\t\t\t\t\t\t\t\t\t<span class=\"elementor-button-text\">R\u00e9servez votre rendez-vous GRATUIT<\/span>\n\t\t\t\t\t<\/span>\n\t\t\t\t\t<\/a>\n\t\t\t\t\t\t\t\t<\/div>\n\t\t\t\t\t<\/div>\n\t\t<\/div>\n\t\t\t\t\t<\/div>\n\t\t<\/section>\n\t\t\t\t\t<\/div>\n\t\t<\/div>\n\t\t\t\t<div class=\"elementor-column elementor-col-33 elementor-top-column elementor-element elementor-element-4422a985\" data-id=\"4422a985\" data-element_type=\"column\" data-e-type=\"column\">\n\t\t\t<div class=\"elementor-widget-wrap elementor-element-populated\">\n\t\t\t\t\t\t<div class=\"elementor-element elementor-element-699eccd8 elementor-toc--minimized-on-tablet elementor-widget elementor-widget-table-of-contents\" data-id=\"699eccd8\" data-element_type=\"widget\" data-e-type=\"widget\" data-settings=\"{&quot;exclude_headings_by_selector&quot;:[],&quot;headings_by_tags&quot;:[&quot;h2&quot;,&quot;h4&quot;,&quot;h5&quot;,&quot;h6&quot;],&quot;no_headings_message&quot;:&quot;No headings were found on this page.&quot;,&quot;marker_view&quot;:&quot;numbers&quot;,&quot;minimize_box&quot;:&quot;yes&quot;,&quot;minimized_on&quot;:&quot;tablet&quot;,&quot;hierarchical_view&quot;:&quot;yes&quot;,&quot;min_height&quot;:{&quot;unit&quot;:&quot;px&quot;,&quot;size&quot;:&quot;&quot;,&quot;sizes&quot;:[]},&quot;min_height_tablet&quot;:{&quot;unit&quot;:&quot;px&quot;,&quot;size&quot;:&quot;&quot;,&quot;sizes&quot;:[]},&quot;min_height_mobile&quot;:{&quot;unit&quot;:&quot;px&quot;,&quot;size&quot;:&quot;&quot;,&quot;sizes&quot;:[]}}\" data-widget_type=\"table-of-contents.default\">\n\t\t\t\t\t\t\t<div class=\"elementor-toc__header\">\n\t\t\t<h6 class=\"elementor-toc__header-title\">\n\t\t\t\tTable des mati\u00e8res\t\t\t<\/h6>\n\t\t\t\t\t\t\t<div class=\"elementor-toc__toggle-button elementor-toc__toggle-button--expand\" role=\"button\" tabindex=\"0\" aria-controls=\"elementor-toc__699eccd8\" aria-expanded=\"true\" aria-label=\"Ouvrir la table des mati\u00e8res\"><svg aria-hidden=\"true\" class=\"e-font-icon-svg e-fas-chevron-down\" viewBox=\"0 0 448 512\" xmlns=\"http:\/\/www.w3.org\/2000\/svg\"><path d=\"M207.029 381.476L12.686 187.132c-9.373-9.373-9.373-24.569 0-33.941l22.667-22.667c9.357-9.357 24.522-9.375 33.901-.04L224 284.505l154.745-154.021c9.379-9.335 24.544-9.317 33.901.04l22.667 22.667c9.373 9.373 9.373 24.569 0 33.941L240.971 381.476c-9.373 9.372-24.569 9.372-33.942 0z\"><\/path><\/svg><\/div>\n\t\t\t\t<div class=\"elementor-toc__toggle-button elementor-toc__toggle-button--collapse\" role=\"button\" tabindex=\"0\" aria-controls=\"elementor-toc__699eccd8\" aria-expanded=\"true\" aria-label=\"Fermer la table des mati\u00e8res\"><svg aria-hidden=\"true\" class=\"e-font-icon-svg e-fas-chevron-up\" viewBox=\"0 0 448 512\" xmlns=\"http:\/\/www.w3.org\/2000\/svg\"><path d=\"M240.971 130.524l194.343 194.343c9.373 9.373 9.373 24.569 0 33.941l-22.667 22.667c-9.357 9.357-24.522 9.375-33.901.04L224 227.495 69.255 381.516c-9.379 9.335-24.544 9.317-33.901-.04l-22.667-22.667c-9.373-9.373-9.373-24.569 0-33.941L207.03 130.525c9.372-9.373 24.568-9.373 33.941-.001z\"><\/path><\/svg><\/div>\n\t\t\t\t\t<\/div>\n\t\t<div id=\"elementor-toc__699eccd8\" class=\"elementor-toc__body\">\n\t\t\t<div class=\"elementor-toc__spinner-container\">\n\t\t\t\t<svg class=\"elementor-toc__spinner eicon-animation-spin e-font-icon-svg e-eicon-loading\" aria-hidden=\"true\" viewBox=\"0 0 1000 1000\" xmlns=\"http:\/\/www.w3.org\/2000\/svg\"><path d=\"M500 975V858C696 858 858 696 858 500S696 142 500 142 142 304 142 500H25C25 237 238 25 500 25S975 237 975 500 763 975 500 975Z\"><\/path><\/svg>\t\t\t<\/div>\n\t\t<\/div>\n\t\t\t\t\t\t<\/div>\n\t\t\t\t\t<\/div>\n\t\t<\/div>\n\t\t\t\t\t<\/div>\n\t\t<\/section>\n\t\t\t\t<\/div>\n\t\t","protected":false},"excerpt":{"rendered":"<p>Home Repousse des cheveux Laval | Restauration capillaire Restauration capillaire m\u00e9dicale et sant\u00e9 du cuir chevelu Le Probl\u00e8me : Amincissement des cheveux, recul de la ligne capillaire et mauvaise sant\u00e9 du cuir chevelu caus\u00e9s par la g\u00e9n\u00e9tique, le stress ou &hellip; <a href=\"https:\/\/cliniquemec.com\/fr\/repousse-des-cheveux-laval\/\">Read More<\/a><\/p>\n","protected":false},"author":40,"featured_media":0,"parent":0,"menu_order":0,"comment_status":"closed","ping_status":"closed","template":"","meta":{"_acf_changed":false,"footnotes":""},"class_list":["post-12873","page","type-page","status-publish","hentry"],"acf":[],"_links":{"self":[{"href":"https:\/\/cliniquemec.com\/fr\/wp-json\/wp\/v2\/pages\/12873","targetHints":{"allow":["GET"]}}],"collection":[{"href":"https:\/\/cliniquemec.com\/fr\/wp-json\/wp\/v2\/pages"}],"about":[{"href":"https:\/\/cliniquemec.com\/fr\/wp-json\/wp\/v2\/types\/page"}],"author":[{"embeddable":true,"href":"https:\/\/cliniquemec.com\/fr\/wp-json\/wp\/v2\/users\/40"}],"replies":[{"embeddable":true,"href":"https:\/\/cliniquemec.com\/fr\/wp-json\/wp\/v2\/comments?post=12873"}],"version-history":[{"count":0,"href":"https:\/\/cliniquemec.com\/fr\/wp-json\/wp\/v2\/pages\/12873\/revisions"}],"wp:attachment":[{"href":"https:\/\/cliniquemec.com\/fr\/wp-json\/wp\/v2\/media?parent=12873"}],"curies":[{"name":"wp","href":"https:\/\/api.w.org\/{rel}","templated":true}]}}