{"id":13675,"date":"2026-04-05T08:50:38","date_gmt":"2026-04-05T13:50:38","guid":{"rendered":"https:\/\/cliniquemec.com\/blogue\/"},"modified":"2026-04-05T09:28:42","modified_gmt":"2026-04-05T14:28:42","slug":"blogue","status":"publish","type":"page","link":"https:\/\/cliniquemec.com\/fr\/blogue\/","title":{"rendered":"Blogue"},"content":{"rendered":"\t\t<div data-elementor-type=\"wp-page\" data-elementor-id=\"13675\" class=\"elementor elementor-13675 elementor-13671\" data-elementor-post-type=\"page\">\n\t\t\t\t<div class=\"elementor-element elementor-element-e0b37d5 e-flex e-con-boxed e-con e-parent\" data-id=\"e0b37d5\" data-element_type=\"container\" data-e-type=\"container\">\n\t\t\t\t\t<div class=\"e-con-inner\">\n\t\t\t\t<div class=\"elementor-element elementor-element-ba365f1 elementor-widget elementor-widget-themo-blog\" data-id=\"ba365f1\" data-element_type=\"widget\" data-e-type=\"widget\" data-widget_type=\"themo-blog.default\">\n\t\t\t\t<div class=\"elementor-widget-container\">\n\t\t\t\t\t\n                                <section class=\"th-masonry-blog th-blog-3-col\">\n\n                        <div class=\"mas-blog row\">\n                            <div class=\"mas-blog-post-sizer col-sm-6 col-md-4\"><\/div>\n                                                                                            <div class=\"mas-blog-post col-sm-6 col-md-4 post-11786 post type-post status-publish format-standard hentry\">\n                                    <div class=\"post-inner\">\n\n        <h3 class=\"post-title\"><a href=\"https:\/\/cliniquemec.com\/fr\/guide-depilation-laser-laval\/\">\u00c9pilation Laser Laval Guide<\/a><\/h3>\n    \t<div class=\"post-meta\">\n\t<span class=\"show-author\">Posted by <a href=\"https:\/\/cliniquemec.com\/fr\/author\/complexions4rt571a390w3\/\" title=\"Articles par Clinique Complexions\" rel=\"author\">Clinique Complexions<\/a><\/span> <span class=\"show-comments\"><\/span>\n<\/div>\n\t            \t<div class=\"entry-content post-excerpt\">\n\t\t\t\t\t<p>Guide d&rsquo;\u00e9pilation laser Laval Pour celles et ceux qui recherchent des solutions efficaces, consultez notre guide complet sur l&rsquo;\u00e9pilation laser Laval &#8211; Guide d&rsquo;\u00e9pilation laser Laval pour des r\u00e9sultats optimaux. Explorez notre guide sur l&rsquo;\u00e9pilation laser \u00e0 Laval &#8211; Guide &hellip; <a href=\"https:\/\/cliniquemec.com\/fr\/guide-depilation-laser-laval\/\">Read More<\/a><\/p>\n                <\/div>\n\t\t\t\t<div class=\"date-meta\">\n    <i class=\"xs-icon fa fa-calendar-o\"><\/i>\n    <time class=\"published\" datetime=\"2026-02-19T15:37:50-05:00\">19 f\u00e9vrier 2026<\/time>\n    <span class=\"is-sticky\">Featured Post<\/span>\n<\/div><\/div>\n                                <\/div>\n\n                                                                                            <div class=\"mas-blog-post col-sm-6 col-md-4 post-11052 post type-post status-publish format-standard hentry\">\n                                    <div class=\"post-inner\">\n\n        <h3 class=\"post-title\"><a href=\"https:\/\/cliniquemec.com\/fr\/nouveau-sur-microneedling-1-a-laval\/\">Nouveau &amp; S\u00fbr : #1 Microneedling \u00e0 Laval<\/a><\/h3>\n    \t<div class=\"post-meta\">\n\t<span class=\"show-author\">Posted by <a href=\"https:\/\/cliniquemec.com\/fr\/author\/complexions4rt571a390w3\/\" title=\"Articles par Clinique Complexions\" rel=\"author\">Clinique Complexions<\/a><\/span> <span class=\"show-comments\"><\/span>\n<\/div>\n\t            \t<div class=\"entry-content post-excerpt\">\n\t\t\t\t\t<p>Microneedling \u00e0 Laval Rajeunissez votre peau : Guide complet par la Clinique M\u00e9dico Esth\u00e9tique Complexions Microneedling \u00e0 Laval par la Clinique M\u00e9dico Esth\u00e9tique Complexions Microneedling \u00e0 Laval par Clinique M\u00e9dico Esth\u00e9tique Complexions est fier de vous pr\u00e9senter le summum de &hellip; <a href=\"https:\/\/cliniquemec.com\/fr\/nouveau-sur-microneedling-1-a-laval\/\">Read More<\/a><\/p>\n                <\/div>\n\t\t\t\t<div class=\"date-meta\">\n    <i class=\"xs-icon fa fa-calendar-o\"><\/i>\n    <time class=\"published\" datetime=\"2025-07-30T00:27:00-05:00\">30 juillet 2025<\/time>\n    <span class=\"is-sticky\">Featured Post<\/span>\n<\/div><\/div>\n                                <\/div>\n\n                                                                                            <div class=\"mas-blog-post col-sm-6 col-md-4 post-10914 post type-post status-publish format-standard hentry\">\n                                    <div class=\"post-inner\">\n\n        <h3 class=\"post-title\"><a href=\"https:\/\/cliniquemec.com\/fr\/soins-du-visage-laval\/\">Soins du visage Laval<\/a><\/h3>\n    \t<div class=\"post-meta\">\n\t<span class=\"show-author\">Posted by <a href=\"https:\/\/cliniquemec.com\/fr\/author\/complexions4rt571a390w3\/\" title=\"Articles par Clinique Complexions\" rel=\"author\">Clinique Complexions<\/a><\/span> <span class=\"show-comments\"><\/span>\n<\/div>\n\t            \t<div class=\"entry-content post-excerpt\">\n\t\t\t\t\t<p>D\u00e9couvrez l\u2019Exp\u00e9rience Ultime des Soins du Visage \u00e0 Laval : Un Guide Complet Soins du visage Laval Soins du visage Laval : Laval devient une destination incontournable pour les traitements avanc\u00e9s de la peau et les exp\u00e9riences faciales de luxe. &hellip; <a href=\"https:\/\/cliniquemec.com\/fr\/soins-du-visage-laval\/\">Read More<\/a><\/p>\n                <\/div>\n\t\t\t\t<div class=\"date-meta\">\n    <i class=\"xs-icon fa fa-calendar-o\"><\/i>\n    <time class=\"published\" datetime=\"2025-03-19T12:33:53-05:00\">19 mars 2025<\/time>\n    <span class=\"is-sticky\">Featured Post<\/span>\n<\/div><\/div>\n                                <\/div>\n\n                                                                                            <div class=\"mas-blog-post col-sm-6 col-md-4 post-11277 post type-post status-publish format-standard hentry\">\n                                    <div class=\"post-inner\">\n\n        <h3 class=\"post-title\"><a href=\"https:\/\/cliniquemec.com\/fr\/soins-du-corps-a-laval-quebec\/\">Soins du corps \u00e0 Laval<\/a><\/h3>\n    \t<div class=\"post-meta\">\n\t<span class=\"show-author\">Posted by <a href=\"https:\/\/cliniquemec.com\/fr\/author\/complexions4rt571a390w3\/\" title=\"Articles par Clinique Complexions\" rel=\"author\">Clinique Complexions<\/a><\/span> <span class=\"show-comments\"><\/span>\n<\/div>\n\t            \t<div class=\"entry-content post-excerpt\">\n\t\t\t\t\t<p>Soins du corps \u00e0 Laval : Transformez votre corps gr\u00e2ce \u00e0 des soins non chirurgicaux de pointe Soins du corps \u00e0 Laval, par la Clinique M\u00e9dico Esth\u00e9tique Complexions, est fi\u00e8re de vous pr\u00e9senter le summum de l&rsquo;excellence esth\u00e9tique. Soins du &hellip; <a href=\"https:\/\/cliniquemec.com\/fr\/soins-du-corps-a-laval-quebec\/\">Read More<\/a><\/p>\n                <\/div>\n\t\t\t\t<div class=\"date-meta\">\n    <i class=\"xs-icon fa fa-calendar-o\"><\/i>\n    <time class=\"published\" datetime=\"2025-01-28T13:47:10-05:00\">28 janvier 2025<\/time>\n    <span class=\"is-sticky\">Featured Post<\/span>\n<\/div><\/div>\n                                <\/div>\n\n                                                                                            <div class=\"mas-blog-post col-sm-6 col-md-4 post-11340 post type-post status-publish format-standard hentry\">\n                                    <div class=\"post-inner\">\n\n        <h3 class=\"post-title\"><a href=\"https:\/\/cliniquemec.com\/fr\/traitement-exosome-laval\/\">Traitement Exosome Laval<\/a><\/h3>\n    \t<div class=\"post-meta\">\n\t<span class=\"show-author\">Posted by <a href=\"https:\/\/cliniquemec.com\/fr\/author\/complexions4rt571a390w3\/\" title=\"Articles par Clinique Complexions\" rel=\"author\">Clinique Complexions<\/a><\/span> <span class=\"show-comments\"><\/span>\n<\/div>\n\t            \t<div class=\"entry-content post-excerpt\">\n\t\t\t\t\t<p>Traitement Exosome Laval Traitement Exosome Laval par la Clinique M\u00e9dico Esth\u00e9tique Complexion Traitement Exosome Laval par Clinique M\u00e9dico Esth\u00e9tique Complexions est fi\u00e8re de vous pr\u00e9senter la th\u00e9rapie Exosome. Entrez dans l&rsquo;univers de la beaut\u00e9 transformatrice \u00e0 notre clinique Exosome \u00e0 &hellip; <a href=\"https:\/\/cliniquemec.com\/fr\/traitement-exosome-laval\/\">Read More<\/a><\/p>\n                <\/div>\n\t\t\t\t<div class=\"date-meta\">\n    <i class=\"xs-icon fa fa-calendar-o\"><\/i>\n    <time class=\"published\" datetime=\"2024-02-10T12:59:28-05:00\">10 f\u00e9vrier 2024<\/time>\n    <span class=\"is-sticky\">Featured Post<\/span>\n<\/div><\/div>\n                                <\/div>\n\n                                                                                            <div class=\"mas-blog-post col-sm-6 col-md-4 post-5074 post type-post status-publish format-standard hentry\">\n                                    <div class=\"post-inner\">\n\n        <h3 class=\"post-title\"><a href=\"https:\/\/cliniquemec.com\/fr\/botox-a-laval\/\">Botox \u00e0 Laval | Comblement des L\u00e8vres Laval | Exosomes | PRP<\/a><\/h3>\n    \t<div class=\"post-meta\">\n\t<span class=\"show-author\">Posted by <a href=\"https:\/\/cliniquemec.com\/fr\/author\/complexions4rt571a390w3\/\" title=\"Articles par Clinique Complexions\" rel=\"author\">Clinique Complexions<\/a><\/span> <span class=\"show-comments\"><\/span>\n<\/div>\n\t            \t<div class=\"entry-content post-excerpt\">\n\t\t\t\t\t<p>Botox \u00e0 Laval | Comblement des L\u00e8vres Laval par Clinique M\u00e9dico Esth\u00e9tique Complexions Botox \u00e0 Laval par Clinique M\u00e9dico Esth\u00e9tique Complexions est fier de pr\u00e9senter le summum de l&rsquo;excellence esth\u00e9tique. Plongez dans le monde de la beaut\u00e9 transformative de notre &hellip; <a href=\"https:\/\/cliniquemec.com\/fr\/botox-a-laval\/\">Read More<\/a><\/p>\n                <\/div>\n\t\t\t\t<div class=\"date-meta\">\n    <i class=\"xs-icon fa fa-calendar-o\"><\/i>\n    <time class=\"published\" datetime=\"2024-02-05T19:47:15-05:00\">5 f\u00e9vrier 2024<\/time>\n    <span class=\"is-sticky\">Featured Post<\/span>\n<\/div><\/div>\n                                <\/div>\n\n                                                                                            <div class=\"mas-blog-post col-sm-6 col-md-4 post-4757 post type-post status-publish format-standard hentry\">\n                                    <div class=\"post-inner\">\n\n        <h3 class=\"post-title\"><a href=\"https:\/\/cliniquemec.com\/fr\/peeling-visage-laval\/\">Peeling Visage Laval<\/a><\/h3>\n    \t<div class=\"post-meta\">\n\t<span class=\"show-author\">Posted by <a href=\"https:\/\/cliniquemec.com\/fr\/author\/complexions4rt571a390w3\/\" title=\"Articles par Clinique Complexions\" rel=\"author\">Clinique Complexions<\/a><\/span> <span class=\"show-comments\"><\/span>\n<\/div>\n\t            \t<div class=\"entry-content post-excerpt\">\n\t\t\t\t\t<p>Peeling Visage Laval Peeling Visage Laval Alors que les feuilles tombent, que le temps se refroidit et que tout autour de vous est en transition, votre peau aussi. Avec une exposition r\u00e9duite aux dommages des radicaux libres et moins de &hellip; <a href=\"https:\/\/cliniquemec.com\/fr\/peeling-visage-laval\/\">Read More<\/a><\/p>\n                <\/div>\n\t\t\t\t<div class=\"date-meta\">\n    <i class=\"xs-icon fa fa-calendar-o\"><\/i>\n    <time class=\"published\" datetime=\"2022-09-21T19:55:32-05:00\">21 septembre 2022<\/time>\n    <span class=\"is-sticky\">Featured Post<\/span>\n<\/div><\/div>\n                                <\/div>\n\n                                                    <\/div>\n                                            <\/section>\n\n                    \t\t\t\t<\/div>\n\t\t\t\t<\/div>\n\t\t\t\t\t<\/div>\n\t\t\t\t<\/div>\n\t\t\t\t<\/div>\n\t\t","protected":false},"excerpt":{"rendered":"<p>\u00c9pilation Laser Laval Guide Posted by Clinique Complexions Guide d&#8217;\u00e9pilation laser Laval Pour celles et ceux qui recherchent des solutions efficaces, consultez notre guide complet sur l&#8217;\u00e9pilation laser Laval &#8211; Guide d&#8217;\u00e9pilation laser Laval pour des r\u00e9sultats optimaux. Explorez notre &hellip; <a href=\"https:\/\/cliniquemec.com\/fr\/peeling-visage-laval\/\">Read More<\/a><\/p>\n","protected":false},"author":40,"featured_media":0,"parent":0,"menu_order":0,"comment_status":"closed","ping_status":"closed","template":"","meta":{"_acf_changed":false,"footnotes":""},"class_list":["post-13675","page","type-page","status-publish","hentry"],"acf":[],"_links":{"self":[{"href":"https:\/\/cliniquemec.com\/fr\/wp-json\/wp\/v2\/pages\/13675","targetHints":{"allow":["GET"]}}],"collection":[{"href":"https:\/\/cliniquemec.com\/fr\/wp-json\/wp\/v2\/pages"}],"about":[{"href":"https:\/\/cliniquemec.com\/fr\/wp-json\/wp\/v2\/types\/page"}],"author":[{"embeddable":true,"href":"https:\/\/cliniquemec.com\/fr\/wp-json\/wp\/v2\/users\/40"}],"replies":[{"embeddable":true,"href":"https:\/\/cliniquemec.com\/fr\/wp-json\/wp\/v2\/comments?post=13675"}],"version-history":[{"count":0,"href":"https:\/\/cliniquemec.com\/fr\/wp-json\/wp\/v2\/pages\/13675\/revisions"}],"wp:attachment":[{"href":"https:\/\/cliniquemec.com\/fr\/wp-json\/wp\/v2\/media?parent=13675"}],"curies":[{"name":"wp","href":"https:\/\/api.w.org\/{rel}","templated":true}]}}