{"id":4772,"date":"2021-12-22T13:41:16","date_gmt":"2021-12-22T18:41:16","guid":{"rendered":"https:\/\/cliniquemec.com\/politique-de-remboursement-et-de-retour\/"},"modified":"2022-10-08T18:06:11","modified_gmt":"2022-10-08T23:06:11","slug":"politique-de-remboursement-et-de-retour","status":"publish","type":"page","link":"https:\/\/cliniquemec.com\/fr\/politique-de-remboursement-et-de-retour\/","title":{"rendered":"Politique de remboursement et de retour"},"content":{"rendered":"\t\t<div data-elementor-type=\"wp-page\" data-elementor-id=\"4772\" class=\"elementor elementor-4772 elementor-2242\" data-elementor-post-type=\"page\">\n\t\t\t\t\t\t<section class=\"elementor-section elementor-top-section elementor-element elementor-element-7018e361 elementor-section-boxed elementor-section-height-default elementor-section-height-default\" data-id=\"7018e361\" data-element_type=\"section\" data-e-type=\"section\">\n\t\t\t\t\t\t<div class=\"elementor-container elementor-column-gap-default\">\n\t\t\t\t\t<div class=\"elementor-column elementor-col-100 elementor-top-column elementor-element elementor-element-2eebda0\" data-id=\"2eebda0\" data-element_type=\"column\" data-e-type=\"column\">\n\t\t\t<div class=\"elementor-widget-wrap elementor-element-populated\">\n\t\t\t\t\t\t<div class=\"elementor-element elementor-element-39749adc elementor-widget elementor-widget-text-editor\" data-id=\"39749adc\" data-element_type=\"widget\" data-e-type=\"widget\" data-widget_type=\"text-editor.default\">\n\t\t\t\t\t\t\t\t\t<p><\/p>\n<h3>Aper\u00e7u<\/h3>\n<p><\/p>\n<p>Notre politique de remboursement et de retour dure 30 jours. Si 30 jours se sont \u00e9coul\u00e9s depuis votre achat, nous ne pouvons pas vous offrir un remboursement complet ou un \u00e9change.<\/p>\n<p><\/p>\n<p>To be eligible for a return, your item must be unused and in the same condition that you received it. Il doit \u00e9galement \u00eatre dans l&#8217;emballage d&rsquo;origine.<\/p>\n<p><\/p>\n<p>Plusieurs types de marchandises sont exempt\u00e9es de retour. Les denr\u00e9es p\u00e9rissables telles que la nourriture, les fleurs, les journaux ou les magazines ne peuvent pas \u00eatre retourn\u00e9es. We also do not accept products that are intimate or sanitary goods, hazardous materials, or flammable liquids or gases.<\/p>\n<p><\/p>\n<p>Articles suppl\u00e9mentaires non retournables :<\/p>\n<p><\/p>\n<ul>\n<li>Cartes cadeaux<\/li>\n<li>Articles en Vente<\/li>\n<\/ul>\n<p><\/p>\n<p>Pour compl\u00e9ter votre retour, nous avons besoin d&rsquo;un re\u00e7u ou d&rsquo;une preuve d&rsquo;achat.<\/p>\n<p><\/p>\n<p>Veuillez ne pas renvoyer votre achat au fabricant.<\/p>\n<p><\/p>\n<p>Il existe certaines situations o\u00f9 seuls des remboursements partiels sont accord\u00e9s :<\/p>\n<p><\/p>\n<ul>\n<li>Tout article qui n&rsquo;est pas dans son \u00e9tat d&rsquo;origine, est endommag\u00e9 ou manque des pi\u00e8ces pour des raisons non dues \u00e0 notre erreur.<\/li>\n<li>Tout article retourn\u00e9 plus de 30 jours apr\u00e8s la livraison<\/li>\n<\/ul>\n<p><\/p>\n<h2>Remboursements<\/h2>\n<p><\/p>\n<p>Une fois votre retour re\u00e7u et inspect\u00e9, nous vous enverrons un e-mail pour vous informer que nous avons re\u00e7u votre article retourn\u00e9. Nous vous informerons \u00e9galement de l&rsquo;approbation ou du rejet de votre remboursement.<\/p>\n<p><\/p>\n<p>Si vous \u00eates approuv\u00e9, votre remboursement sera trait\u00e9 et un cr\u00e9dit sera automatiquement appliqu\u00e9 \u00e0 votre carte de cr\u00e9dit ou \u00e0 votre mode de paiement original, dans un certain nombre de jours.<\/p>\n<p><\/p>\n<p><b>Remboursements en retard ou manquants<\/b><\/p>\n<p><\/p>\n<p>Si vous n&rsquo;avez pas encore re\u00e7u de remboursement, v\u00e9rifiez d&rsquo;abord \u00e0 nouveau votre compte bancaire.<\/p>\n<p><\/p>\n<p>Contactez ensuite votre compagnie de carte de cr\u00e9dit, cela peut prendre un certain temps avant que votre remboursement ne soit officiellement affich\u00e9.<\/p>\n<p><\/p>\n<p>Contactez ensuite votre banque. Il y a souvent un certain temps de traitement avant qu&rsquo;un remboursement ne soit affich\u00e9.<\/p>\n<p><\/p>\n<p>Si vous avez fait tout cela et que vous n&rsquo;avez toujours pas re\u00e7u votre remboursement, veuillez nous contacter \u00e0 <a href=\"mailto:info@clinquemec.com\">info@clinquemec.com<\/a>.<\/p>\n<p><\/p>\n<p><b>Vendre des articles<\/b><\/p>\n<p><\/p>\n<p>Seuls les articles \u00e0 prix r\u00e9gulier peuvent \u00eatre rembours\u00e9s. Les articles sold\u00e9s ne peuvent pas \u00eatre rembours\u00e9s.<\/p>\n<p><\/p>\n<h2>Des \u00e9changes<\/h2>\n<p><\/p>\n<p>Nous ne rempla\u00e7ons les articles que s&rsquo;ils sont d\u00e9fectueux ou endommag\u00e9s. Si vous avez besoin de l&rsquo;\u00e9changer contre le m\u00eame article, envoyez-nous un courriel \u00e0 <a href=\"mailto:info@clinquemec.com\">info@clinquemec.com<\/a> et envoyez votre article \u00e0 :<\/p>\n<p><\/p>\n<p><strong>Clinique M\u00e9dico Esth\u00e9tique Complexions<\/strong><br>1600 Boulevard du Cur\u00e9-Labelle <br>Suite 205 <br>Laval, Quebec H7V 2W2<\/p>\n<p><\/p>\n<h2>Cadeaux<\/h2>\n<p><\/p>\n<p>Si l&rsquo;article a \u00e9t\u00e9 marqu\u00e9 comme cadeau lors de son achat et qu&rsquo;il vous a \u00e9t\u00e9 exp\u00e9di\u00e9 directement, vous recevrez un cr\u00e9dit-cadeau correspondant \u00e0 la valeur de votre retour. Une fois l&rsquo;article retourn\u00e9 re\u00e7u, un ch\u00e8que-cadeau vous sera envoy\u00e9 par la poste.<\/p>\n<p><\/p>\n<p>Si l&rsquo;article n&rsquo;a pas \u00e9t\u00e9 marqu\u00e9 comme cadeau lors de l&rsquo;achat, ou si le donateur s&rsquo;est fait exp\u00e9dier la commande pour vous la donner plus tard, nous enverrons un remboursement au donateur et il s&rsquo;informera de votre retour.<\/p>\n<p><\/p>\n<h2>Exp\u00e9dition &amp; retours<\/h2>\n<p><\/p>\n<p>Pour retourner votre produit, vous devez envoyer votre produit \u00e0 : <br><strong>Clinique M\u00e9dico Esth\u00e9tique Complexions<\/strong><br>1600 Boulevard du Cur\u00e9-Labelle <br>Suite 205 <br>Laval, Quebec H7V 2W2<\/p>\n<p><\/p>\n<p>Vous serez responsable de payer vos propres frais d&rsquo;exp\u00e9dition pour le retour de votre article. Les frais d&rsquo;exp\u00e9dition ne sont pas remboursables. Si vous recevez un remboursement, les frais de retour seront d\u00e9duits de votre remboursement.<\/p>\n<p><\/p>\n<p>Selon l&rsquo;endroit o\u00f9 vous vivez, le temps n\u00e9cessaire pour que votre produit \u00e9chang\u00e9 vous parvienne peut varier.<\/p>\n<p><\/p>\n<p>Si vous retournez des articles plus chers, vous pouvez envisager d&rsquo;utiliser un service d&rsquo;exp\u00e9dition tra\u00e7able ou de souscrire une assurance d&rsquo;exp\u00e9dition. \u00c9diteur de texte Nous ne garantissons pas que nous recevrons votre article retourn\u00e9.<\/p>\n<p><\/p>\n<h2>Besoin d&rsquo;aide?<\/h2>\n<p><\/p>\n<p>\u00c9diteur de texte Contactez-nous \u00e0 <a href=\"mailto:info@clinquemec.com\">info@clinquemec.com<\/a> pour toute question relative aux remboursements et aux retours.<\/p>\n<p><\/p>\t\t\t\t\t\t\t\t<\/div>\n\t\t\t\t\t<\/div>\n\t\t<\/div>\n\t\t\t\t\t<\/div>\n\t\t<\/section>\n\t\t\t\t<\/div>\n\t\t","protected":false},"excerpt":{"rendered":"<p>Aper\u00e7u Notre politique de remboursement et de retour dure 30 jours. Si 30 jours se sont \u00e9coul\u00e9s depuis votre achat, nous ne pouvons pas vous offrir un remboursement complet ou un \u00e9change. To be eligible for a return, your item &hellip; <a href=\"https:\/\/cliniquemec.com\/fr\/politique-de-remboursement-et-de-retour\/\">Read More<\/a><\/p>\n","protected":false},"author":40,"featured_media":0,"parent":0,"menu_order":0,"comment_status":"closed","ping_status":"closed","template":"","meta":{"_acf_changed":false,"footnotes":""},"class_list":["post-4772","page","type-page","status-publish","hentry"],"acf":[],"_links":{"self":[{"href":"https:\/\/cliniquemec.com\/fr\/wp-json\/wp\/v2\/pages\/4772","targetHints":{"allow":["GET"]}}],"collection":[{"href":"https:\/\/cliniquemec.com\/fr\/wp-json\/wp\/v2\/pages"}],"about":[{"href":"https:\/\/cliniquemec.com\/fr\/wp-json\/wp\/v2\/types\/page"}],"author":[{"embeddable":true,"href":"https:\/\/cliniquemec.com\/fr\/wp-json\/wp\/v2\/users\/40"}],"replies":[{"embeddable":true,"href":"https:\/\/cliniquemec.com\/fr\/wp-json\/wp\/v2\/comments?post=4772"}],"version-history":[{"count":0,"href":"https:\/\/cliniquemec.com\/fr\/wp-json\/wp\/v2\/pages\/4772\/revisions"}],"wp:attachment":[{"href":"https:\/\/cliniquemec.com\/fr\/wp-json\/wp\/v2\/media?parent=4772"}],"curies":[{"name":"wp","href":"https:\/\/api.w.org\/{rel}","templated":true}]}}