{"id":10805,"date":"2020-02-10T17:42:16","date_gmt":"2020-02-10T22:42:16","guid":{"rendered":"https:\/\/cliniquemec.com\/shop\/non%20class\u00e9\/reservation-de-rendez-vous-2\/"},"modified":"2025-02-10T18:06:05","modified_gmt":"2025-02-10T23:06:05","slug":"reservation-de-rendez-vous-2","status":"publish","type":"product","link":"https:\/\/cliniquemec.com\/fr\/shop\/traitements-medico-esthetique\/reservation-de-rendez-vous-2\/","title":{"rendered":"R\u00e9servation de Rendez-vous"},"content":{"rendered":"<p>Lors de l&rsquo;achat de votre r\u00e9servation, vous recevrez un email ou un SMS de confirmation avec la date et l&rsquo;heure de votre rendez-vous.<\/p>\n<p>Il est de la responsabilit\u00e9 du client de noter et de se souvenir de la date et de l&rsquo;heure de son rendez-vous.<\/p>\n<p>Ces frais de r\u00e9servation seront d\u00e9duits lors de votre rendez-vous. Cependant tout client qui ne se present pas \u00e0 leurs rendez-vous, sans donner un pr\u00e9avis de minimum 48 heures verra son rendez-vous consid\u00e9r\u00e9 comme le service rendu en entier.<\/p>\n<p>Si le patient souhaite rescheduler un rendez-vous \u00ab no-show\u00bb, il devra alors payer les frais de nouvelle r\u00e9servation associ\u00e9s, de 100 $.<\/p>\n<p>Pour \u00e9viter toute difficult\u00e9, une bo\u00eete vocale est mise \u00e0 votre disposition au <a href=\"tel:514-651-2632\">514-651-2632<\/a>.<\/p>\n<p>Des messages textes sont \u00e9galement recevables au m\u00eame num\u00e9ro de t\u00e9l\u00e9phone ainsi que l&rsquo;adresse courriel disponible : <a href=\"mailto:info@cliniquemec.com\">info@cliniquemec.com<\/a>, pour vous permettre \u00e0 tout moment de nous aviser facilement de votre absence.<\/p>\n<p>Comprenez que ce d\u00e9lai de minimum 48 heures nous permet d&rsquo;offrir votre cr\u00e9neau horaire \u00e0 un autre client car nous contons sur un horaire soigneusement planifi\u00e9 afin de garantir que nous puissions fournir le meilleur service \u00e0 tous nos clients.<\/p>\n<p>Nous nous r\u00e9servons le droit de refuser toute r\u00e9servation.<\/p>\n","protected":false},"excerpt":{"rendered":"<p><b><span style=\"font-size: large;\"><span lang=\"en\">Politique d\u2019annulation de rendez-vous \u2013<\/span> <span lang=\"en\"> Conditions g\u00e9n\u00e9rales<\/span><\/span><\/b> &hellip; <a href=\"https:\/\/cliniquemec.com\/fr\/shop\/traitements-medico-esthetique\/reservation-de-rendez-vous-2\/\">Read More<\/a><\/p>\n","protected":false},"featured_media":10802,"comment_status":"open","ping_status":"closed","template":"","meta":{"_acf_changed":false},"product_brand":[],"product_cat":[205],"product_tag":[],"class_list":{"0":"post-10805","1":"product","2":"type-product","3":"status-publish","4":"has-post-thumbnail","6":"product_cat-traitements-medico-esthetique","8":"first","9":"instock","10":"virtual","11":"taxable","12":"purchasable","13":"product-type-simple"},"acf":[],"_links":{"self":[{"href":"https:\/\/cliniquemec.com\/fr\/wp-json\/wp\/v2\/product\/10805","targetHints":{"allow":["GET"]}}],"collection":[{"href":"https:\/\/cliniquemec.com\/fr\/wp-json\/wp\/v2\/product"}],"about":[{"href":"https:\/\/cliniquemec.com\/fr\/wp-json\/wp\/v2\/types\/product"}],"replies":[{"embeddable":true,"href":"https:\/\/cliniquemec.com\/fr\/wp-json\/wp\/v2\/comments?post=10805"}],"version-history":[{"count":0,"href":"https:\/\/cliniquemec.com\/fr\/wp-json\/wp\/v2\/product\/10805\/revisions"}],"wp:featuredmedia":[{"embeddable":true,"href":"https:\/\/cliniquemec.com\/fr\/wp-json\/wp\/v2\/media\/10802"}],"wp:attachment":[{"href":"https:\/\/cliniquemec.com\/fr\/wp-json\/wp\/v2\/media?parent=10805"}],"wp:term":[{"taxonomy":"product_brand","embeddable":true,"href":"https:\/\/cliniquemec.com\/fr\/wp-json\/wp\/v2\/product_brand?post=10805"},{"taxonomy":"product_cat","embeddable":true,"href":"https:\/\/cliniquemec.com\/fr\/wp-json\/wp\/v2\/product_cat?post=10805"},{"taxonomy":"product_tag","embeddable":true,"href":"https:\/\/cliniquemec.com\/fr\/wp-json\/wp\/v2\/product_tag?post=10805"}],"curies":[{"name":"wp","href":"https:\/\/api.w.org\/{rel}","templated":true}]}}