{"id":7436,"date":"2024-05-16T11:26:09","date_gmt":"2024-05-16T16:26:09","guid":{"rendered":"https:\/\/cliniquemec.com\/?post_type=product&#038;p=7436"},"modified":"2026-02-25T19:37:56","modified_gmt":"2026-02-26T00:37:56","slug":"colorescience-hydrating-cleansing-cloth","status":"publish","type":"product","link":"https:\/\/cliniquemec.com\/fr\/shop\/skincare-boutique-laval\/colorescience-hydrating-cleansing-cloth\/","title":{"rendered":"COLORESCIENCE: Hydrating Cleansing Cloth (Biodegradable Makeup Removal Face Wipes)"},"content":{"rendered":"<p><strong>Application: COLORESCIENCE: Hydrating Cleansing Cloth<\/strong><\/p>\n<ul>\n<li>Evening, to remove makeup.<\/li>\n<li>Face, neck and chest as needed.<\/li>\n<\/ul>\n<p><strong>Best for: COLORESCIENCE: Hydrating Cleansing Cloth\u00a0<\/strong><\/p>\n<ul>\n<li>Makeup removal.<\/li>\n<li>Skin cleansing and hydration.<\/li>\n<li>All skin types.<\/li>\n<\/ul>\n<p>COLORESCIENCE: Hydrating Cleansing Cloth is good for sensitive skin, these moist, disposable (but biodegradable!) cloths remove mineral makeup while hydrating and infusing skin with antioxidants.<\/p>\n<p>COLORESCIENCE: Hydrating Cleansing Cloth come with a soft side and a more textured side, for flexible cleansing. They work on waterproof makeup, too. No rinsing required after use.<\/p>\n<p><strong>Key ingredients include with COLORESCIENCE: Hydrating Cleansing Cloth:<\/strong> Hyaluronic acid, coconut extract, white tea and green tea leaf extracts, aloe vera, cucumber extract, and chamomile.<\/p>\n<p>\u00a0<\/p>\n<p><strong>SIZE<\/strong><br \/>\n30 cloths, 7 x 8 inches (17.78 x 20.32 cm) each<\/p>\n<p><strong>INGREDIENTS<\/strong><br \/>\nWater\/Aqua\/Eau, Glycerin, Isopropyl Isostearate, Isopropyl Shea Butterate, Dodecane, Hexadecane, Sorbitan Oleate Decylglucoside Crosspolymer, Glyceryl Caprylate, Decyl Glucoside, Sodium Chloride, Citric Acid, Aloe Barbadensis Leaf Juice, Matricaria Recutita (Chamomile) Extract, Camellia Sinensis (Green\/White Tea) Leaf Extract, Cucumis Sativus (Cucumber) Extract, Cocos Nucifera (Coconut) Fruit Extract, Sodium Hyaluronate, Ethylhexylglycerin, Sodium Benzoate, Potassium Sorbate, Caprylhydroxamic Acid, Phenoxyethanol.<\/p>\n<p><strong>OTHER INFORMATION<\/strong><br \/>\nVegan, Dermatologist Tested, Ophthalmologist Tested (ok for contact lens wearers), Non-comedogenic, Hypoallergenic, Oil-free, Fragrance free, Paraben free, Formaldehyde free, Biodegradable<\/p>\n<p>\u00a0<\/p>\n<p><strong>Application:<\/strong><\/p>\n<p>Le soir, pour se d\u00e9maquiller.<br \/>\nVisage, cou et poitrine selon les besoins.<\/p>\n<p><strong>Meilleur pour:<\/strong><\/p>\n<ul>\n<li>D\u00e9maquillage.<\/li>\n<li>Nettoyage et hydratation de la peau.<\/li>\n<li>Tous types de peau.<\/li>\n<\/ul>\n<p>Bons pour les peaux sensibles, ces linges humides et jetables (mais biod\u00e9gradables !) \u00e9liminent le maquillage min\u00e9ral tout en hydratant et en infusant la peau d\u2019antioxydants.<\/p>\n<p>Ces chiffons ont un c\u00f4t\u00e9 doux et un c\u00f4t\u00e9 plus textur\u00e9, pour un nettoyage flexible. Ils travaillent \u00e9galement sur le maquillage waterproof. Aucun rin\u00e7age requis apr\u00e8s utilisation.<\/p>\n<p>Les ingr\u00e9dients cl\u00e9s comprennent : l\u2019acide hyaluronique, l\u2019extrait de noix de coco, les extraits de th\u00e9 blanc et de feuilles de th\u00e9 vert, l\u2019aloe vera, l\u2019extrait de concombre et la camomille.<\/p>\n<p><strong>TAILLE<\/strong><br \/>\n30 chiffons de 7 x 8 pouces (17,78 x 20,32 cm) chacun<\/p>\n<p><strong>INGR\u00c9DIENTS<\/strong><br \/>\nEau\/Aqua\/Eau, glyc\u00e9rine, isost\u00e9arate d\u2019isopropyle, beurre de karit\u00e9 isopropylique, dod\u00e9cane, hexad\u00e9cane, ol\u00e9ate de sorbitan, polym\u00e8re crois\u00e9 de d\u00e9cylglucoside, caprylate de glyc\u00e9ryle, glucoside de d\u00e9cyle, chlorure de sodium, acide citrique, jus de feuille d\u2019Aloe Barbadensis, extrait de Matricaria Recutita (camomille), Camellia Sinensis Extrait de feuille (th\u00e9 vert\/blanc), extrait de Cucumis Sativus (concombre), extrait de fruit de Cocos Nucifera (noix de coco), hyaluronate de sodium, \u00e9thylhexylglyc\u00e9rine, benzoate de sodium, sorbate de potassium, acide caprylhydroxamique, ph\u00e9noxy\u00e9thanol.<\/p>\n<p><strong>LES AUTRES INFORMATIONS<\/strong><br \/>\nV\u00e9g\u00e9talien, Test\u00e9 dermatologiquement, Test\u00e9 ophtalmologiquement (ok pour les porteurs de lentilles de contact), Non com\u00e9dog\u00e8ne, Hypoallerg\u00e9nique, Sans huile, Sans parfum, Sans parab\u00e8ne, Sans formald\u00e9hyde, Biod\u00e9gradable<\/p>\n","protected":false},"excerpt":{"rendered":"<p>Use <strong>COLORESCIENCE: Hydrating Cleansing Cloth <\/strong>for your skin anytime. This durable and biodegradable cloth is designed with a soft side to gently wipe away impurities and excess oil, while the other side is textured to softly scrub away even the most stubborn waterproof makeup including Colorescience\u00ae mineral makeup.<\/p>\n<p class=\"serp-title\">COLORESCIENCE: Hydrating Cleansing Cloth is also formulated with hyaluronic acid, coconut extract and aloe vera to hydrate, calm and soothe your skin.<\/p>\n<ul>\n<li>Two-sided for extra cleansing power<\/li>\n<li>No rinse is required, leaving skin feeling soft and silky, not sticky<\/li>\n<li>Premium, durable and biodegradable<\/li>\n<\/ul>\n<p>Lingettes nettoyantes hydratantes de Colorescience\u00ae (lingettes d\u00e9maquillantes biod\u00e9gradables pour le visage) &hellip; <a href=\"https:\/\/cliniquemec.com\/fr\/shop\/skincare-boutique-laval\/colorescience-hydrating-cleansing-cloth\/\">Read More<\/a><\/p>\n","protected":false},"featured_media":7437,"comment_status":"open","ping_status":"closed","template":"","meta":{"_acf_changed":false},"product_brand":[],"product_cat":[21,47],"product_tag":[184,187],"class_list":{"0":"post-7436","1":"product","2":"type-product","3":"status-publish","4":"has-post-thumbnail","6":"product_cat-skincare-boutique-laval","7":"product_cat-colorescience-laval","8":"product_tag-cleanser","9":"product_tag-cleansing-cloth","11":"first","12":"outofstock","13":"taxable","14":"shipping-taxable","15":"purchasable","16":"product-type-simple"},"acf":[],"_links":{"self":[{"href":"https:\/\/cliniquemec.com\/fr\/wp-json\/wp\/v2\/product\/7436","targetHints":{"allow":["GET"]}}],"collection":[{"href":"https:\/\/cliniquemec.com\/fr\/wp-json\/wp\/v2\/product"}],"about":[{"href":"https:\/\/cliniquemec.com\/fr\/wp-json\/wp\/v2\/types\/product"}],"replies":[{"embeddable":true,"href":"https:\/\/cliniquemec.com\/fr\/wp-json\/wp\/v2\/comments?post=7436"}],"version-history":[{"count":0,"href":"https:\/\/cliniquemec.com\/fr\/wp-json\/wp\/v2\/product\/7436\/revisions"}],"wp:featuredmedia":[{"embeddable":true,"href":"https:\/\/cliniquemec.com\/fr\/wp-json\/wp\/v2\/media\/7437"}],"wp:attachment":[{"href":"https:\/\/cliniquemec.com\/fr\/wp-json\/wp\/v2\/media?parent=7436"}],"wp:term":[{"taxonomy":"product_brand","embeddable":true,"href":"https:\/\/cliniquemec.com\/fr\/wp-json\/wp\/v2\/product_brand?post=7436"},{"taxonomy":"product_cat","embeddable":true,"href":"https:\/\/cliniquemec.com\/fr\/wp-json\/wp\/v2\/product_cat?post=7436"},{"taxonomy":"product_tag","embeddable":true,"href":"https:\/\/cliniquemec.com\/fr\/wp-json\/wp\/v2\/product_tag?post=7436"}],"curies":[{"name":"wp","href":"https:\/\/api.w.org\/{rel}","templated":true}]}}